{"id":2716,"date":"2025-03-06T13:48:07","date_gmt":"2025-03-06T16:48:07","guid":{"rendered":"https:\/\/technowebstore.com\/helphand-wordpress\/services-copy\/"},"modified":"2025-03-13T11:33:07","modified_gmt":"2025-03-13T14:33:07","slug":"causas","status":"publish","type":"page","link":"https:\/\/natrape.org\/index.php\/causas\/","title":{"rendered":"Causas"},"content":{"rendered":"\t\t<div data-elementor-type=\"wp-page\" data-elementor-id=\"2716\" class=\"elementor elementor-2716\">\n\t\t\t\t\t\t<section class=\"has_eae_slider elementor-section elementor-top-section elementor-element elementor-element-4d76aca elementor-section-boxed elementor-section-height-default elementor-section-height-default\" data-eae-slider=\"88739\" data-id=\"4d76aca\" data-element_type=\"section\" data-e-type=\"section\">\n\t\t\t\t\t\t<div class=\"elementor-container elementor-column-gap-default\">\n\t\t\t\t\t<div class=\"has_eae_slider elementor-column elementor-col-100 elementor-top-column elementor-element elementor-element-ebf24eb\" data-eae-slider=\"25295\" data-id=\"ebf24eb\" data-element_type=\"column\" data-e-type=\"column\">\n\t\t\t<div class=\"elementor-widget-wrap elementor-element-populated\">\n\t\t\t\t\t\t<section class=\"has_eae_slider elementor-section elementor-inner-section elementor-element elementor-element-c68014c elementor-section-boxed elementor-section-height-default elementor-section-height-default\" data-eae-slider=\"6148\" data-id=\"c68014c\" data-element_type=\"section\" data-e-type=\"section\">\n\t\t\t\t\t\t<div class=\"elementor-container elementor-column-gap-default\">\n\t\t\t\t\t<div class=\"has_eae_slider elementor-column elementor-col-100 elementor-inner-column elementor-element elementor-element-94be9d7\" data-eae-slider=\"77655\" data-id=\"94be9d7\" data-element_type=\"column\" data-e-type=\"column\">\n\t\t\t<div class=\"elementor-widget-wrap elementor-element-populated\">\n\t\t\t\t\t\t<div class=\"elementor-element elementor-element-ef1ae57 elementor-widget elementor-widget-heading\" data-id=\"ef1ae57\" data-element_type=\"widget\" data-e-type=\"widget\" data-widget_type=\"heading.default\">\n\t\t\t\t<div class=\"elementor-widget-container\">\n\t\t\t\t\t<h5 class=\"elementor-heading-title elementor-size-default\">Nossas Causas<\/h5>\t\t\t\t<\/div>\n\t\t\t\t<\/div>\n\t\t\t\t<div class=\"elementor-element elementor-element-e34bf53 elementor-widget elementor-widget-heading\" data-id=\"e34bf53\" data-element_type=\"widget\" data-e-type=\"widget\" data-widget_type=\"heading.default\">\n\t\t\t\t<div class=\"elementor-widget-container\">\n\t\t\t\t\t<h2 class=\"elementor-heading-title elementor-size-default\">Conhe\u00e7a Nossas Causas<\/h2>\t\t\t\t<\/div>\n\t\t\t\t<\/div>\n\t\t\t\t\t<\/div>\n\t\t<\/div>\n\t\t\t\t\t<\/div>\n\t\t<\/section>\n\t\t\t\t<section class=\"has_eae_slider elementor-section elementor-inner-section elementor-element elementor-element-9a4a4b2 elementor-section-boxed elementor-section-height-default elementor-section-height-default\" data-eae-slider=\"5800\" data-id=\"9a4a4b2\" data-element_type=\"section\" data-e-type=\"section\">\n\t\t\t\t\t\t<div class=\"elementor-container elementor-column-gap-default\">\n\t\t\t\t\t<div class=\"has_eae_slider elementor-column elementor-col-100 elementor-inner-column elementor-element elementor-element-3254089\" data-eae-slider=\"79153\" data-id=\"3254089\" data-element_type=\"column\" data-e-type=\"column\">\n\t\t\t<div class=\"elementor-widget-wrap elementor-element-populated\">\n\t\t\t\t\t\t<div class=\"elementor-element elementor-element-70efefb elementor-widget elementor-widget-shortcode\" data-id=\"70efefb\" data-element_type=\"widget\" data-e-type=\"widget\" data-widget_type=\"shortcode.default\">\n\t\t\t\t<div class=\"elementor-widget-container\">\n\t\t\t\t\t\t\t<div class=\"elementor-shortcode\">\n\n         \n                <div class=\"row\">\n                 \n\n            \n\t\t\t\n<div class=\"col-xl-4 col-lg-4 col-md-6 col-sm-6 mb-25 service service-style-4\">\n  <div class=\"item-inner\">\n          <div class=\"service-inner\">\n            <div class=\"service-post-thumbnail\">                 \n                <img decoding=\"async\" src=\"https:\/\/natrape.org\/wp-content\/uploads\/2023\/08\/ca-1.png\" class=\"trans\" alt=\"\"\/>\n            <\/div>\n            <div class=\"service-content-wrap pb-15-im\">\n                <div class=\"service-content-content\">\n                    <h2 class=\"entry-title\"><a href=\"https:\/\/natrape.org\/index.php\/causas\/enfrentamento-a-transfobia-e-transfeminicidio\/\" tabindex=\"0\">Enfrentamento \u00e0 Transfobia e Transfeminic\u00eddio<\/a><\/h2>\n                    <div class=\"service-excerpt\"><p>Lutamos contra a viol\u00eancia e discrimina\u00e7\u00e3o, garantindo justi\u00e7a e prote\u00e7\u00e3o das travestis e pessoas trans.<\/p>\n<\/div>\n                            <div class=\"cause-amount d-inline-block position-relative\">\n\t\t\t\t\t\t\t\t<span class=\"font-family-poppins text-dark d-block font-weight-bold\">\n\t\t\t\t\t\t\t\t\t<i class=\"font-style-normal dollar-symbol\"><\/i><\/span>\n                                <span>Saiba Mais<\/span>\n\t\t\t\t\t\t\t<\/div>\n\t\t\t\t\t\t\t<a href=\"https:\/\/natrape.org\/index.php\/causas\/enfrentamento-a-transfobia-e-transfeminicidio\/\" class=\"icon-l\"><i class=\"icon icon-arrow-up\"><\/i><\/a>\n                <\/div>\n            <\/div>\n        <\/div>\n    <\/div>\n<\/div>\n \n         \n\t\t\t\t\t\n\n            \n\t\t\t\n<div class=\"col-xl-4 col-lg-4 col-md-6 col-sm-6 mb-25 service service-style-4\">\n  <div class=\"item-inner\">\n          <div class=\"service-inner\">\n            <div class=\"service-post-thumbnail\">                 \n                <img decoding=\"async\" src=\"https:\/\/natrape.org\/wp-content\/uploads\/2023\/08\/ca-2.png\" class=\"trans\" alt=\"\"\/>\n            <\/div>\n            <div class=\"service-content-wrap pb-15-im\">\n                <div class=\"service-content-content\">\n                    <h2 class=\"entry-title\"><a href=\"https:\/\/natrape.org\/index.php\/causas\/assistencia-social-e-apoio-a-pessoas-em-situacao-de-vulnerabilidade\/\" tabindex=\"0\">Assist\u00eancia Social e Apoio a Pessoas em Situa\u00e7\u00e3o de Vulnerabilidade<\/a><\/h2>\n                    <div class=\"service-excerpt\"><p>Oferecemos acolhimento, alimentos e suporte das travestis e pessoas trans em situa\u00e7\u00e3o de risco e vulnerabilidade social.<\/p>\n<\/div>\n                            <div class=\"cause-amount d-inline-block position-relative\">\n\t\t\t\t\t\t\t\t<span class=\"font-family-poppins text-dark d-block font-weight-bold\">\n\t\t\t\t\t\t\t\t\t<i class=\"font-style-normal dollar-symbol\"><\/i><\/span>\n                                <span>Saiba Mais<\/span>\n\t\t\t\t\t\t\t<\/div>\n\t\t\t\t\t\t\t<a href=\"https:\/\/natrape.org\/index.php\/causas\/assistencia-social-e-apoio-a-pessoas-em-situacao-de-vulnerabilidade\/\" class=\"icon-l\"><i class=\"icon icon-arrow-up\"><\/i><\/a>\n                <\/div>\n            <\/div>\n        <\/div>\n    <\/div>\n<\/div>\n \n         \n\t\t\t\t\t\n\n            \n\t\t\t\n<div class=\"col-xl-4 col-lg-4 col-md-6 col-sm-6 mb-25 service service-style-4\">\n  <div class=\"item-inner\">\n          <div class=\"service-inner\">\n            <div class=\"service-post-thumbnail\">                 \n                <img decoding=\"async\" src=\"https:\/\/natrape.org\/wp-content\/uploads\/2023\/08\/ca-3.png\" class=\"trans\" alt=\"\"\/>\n            <\/div>\n            <div class=\"service-content-wrap pb-15-im\">\n                <div class=\"service-content-content\">\n                    <h2 class=\"entry-title\"><a href=\"https:\/\/natrape.org\/index.php\/causas\/saude-e-bem-estar-das-travestis-e-pessoas-trans\/\" tabindex=\"0\">Sa\u00fade e Bem-Estar da Popula\u00e7\u00e3o Trans<\/a><\/h2>\n                    <div class=\"service-excerpt\"><p>Garantimos acesso \u00e0 sa\u00fade, hormonioterapia, assist\u00eancia psicol\u00f3gica e preven\u00e7\u00e3o de ISTs para travestis e pessoas trans.<\/p>\n<\/div>\n                            <div class=\"cause-amount d-inline-block position-relative\">\n\t\t\t\t\t\t\t\t<span class=\"font-family-poppins text-dark d-block font-weight-bold\">\n\t\t\t\t\t\t\t\t\t<i class=\"font-style-normal dollar-symbol\"><\/i><\/span>\n                                <span>Saiba Mais<\/span>\n\t\t\t\t\t\t\t<\/div>\n\t\t\t\t\t\t\t<a href=\"https:\/\/natrape.org\/index.php\/causas\/saude-e-bem-estar-das-travestis-e-pessoas-trans\/\" class=\"icon-l\"><i class=\"icon icon-arrow-up\"><\/i><\/a>\n                <\/div>\n            <\/div>\n        <\/div>\n    <\/div>\n<\/div>\n \n         \n\t\t\t\t\t\n\n            \n\t\t\t\n<div class=\"col-xl-4 col-lg-4 col-md-6 col-sm-6 mb-25 service service-style-4\">\n  <div class=\"item-inner\">\n          <div class=\"service-inner\">\n            <div class=\"service-post-thumbnail\">                 \n                <img decoding=\"async\" src=\"https:\/\/natrape.org\/wp-content\/uploads\/2023\/08\/ca-4.png\" class=\"trans\" alt=\"\"\/>\n            <\/div>\n            <div class=\"service-content-wrap pb-15-im\">\n                <div class=\"service-content-content\">\n                    <h2 class=\"entry-title\"><a href=\"https:\/\/natrape.org\/index.php\/causas\/empregabilidade-e-inclusao-no-mercado-de-trabalho\/\" tabindex=\"0\">Empregabilidade e Inclus\u00e3o no Mercado de Trabalho<\/a><\/h2>\n                    <div class=\"service-excerpt\"><p>Capacitamos e inserimos as travestis e pessoas trans no mercado, promovendo oportunidades e combate \u00e0 discrimina\u00e7\u00e3o.<\/p>\n<\/div>\n                            <div class=\"cause-amount d-inline-block position-relative\">\n\t\t\t\t\t\t\t\t<span class=\"font-family-poppins text-dark d-block font-weight-bold\">\n\t\t\t\t\t\t\t\t\t<i class=\"font-style-normal dollar-symbol\"><\/i><\/span>\n                                <span>Saiba Mais<\/span>\n\t\t\t\t\t\t\t<\/div>\n\t\t\t\t\t\t\t<a href=\"https:\/\/natrape.org\/index.php\/causas\/empregabilidade-e-inclusao-no-mercado-de-trabalho\/\" class=\"icon-l\"><i class=\"icon icon-arrow-up\"><\/i><\/a>\n                <\/div>\n            <\/div>\n        <\/div>\n    <\/div>\n<\/div>\n \n         \n\t\t\t\t\t\n\n            \n\t\t\t\n<div class=\"col-xl-4 col-lg-4 col-md-6 col-sm-6 mb-25 service service-style-4\">\n  <div class=\"item-inner\">\n          <div class=\"service-inner\">\n            <div class=\"service-post-thumbnail\">                 \n                <img decoding=\"async\" src=\"https:\/\/natrape.org\/wp-content\/uploads\/2023\/08\/ca-5.png\" class=\"trans\" alt=\"\"\/>\n            <\/div>\n            <div class=\"service-content-wrap pb-15-im\">\n                <div class=\"service-content-content\">\n                    <h2 class=\"entry-title\"><a href=\"https:\/\/natrape.org\/index.php\/causas\/direitos-humanos-e-controle-social\/\" tabindex=\"0\">Direitos Humanos e Controle Social<\/a><\/h2>\n                    <div class=\"service-excerpt\"><p>Defendemos pol\u00edticas p\u00fablicas, garantimos acesso ao nome social e combatemos a exclus\u00e3o das travestis e pessoas trans.<\/p>\n<\/div>\n                            <div class=\"cause-amount d-inline-block position-relative\">\n\t\t\t\t\t\t\t\t<span class=\"font-family-poppins text-dark d-block font-weight-bold\">\n\t\t\t\t\t\t\t\t\t<i class=\"font-style-normal dollar-symbol\"><\/i><\/span>\n                                <span>Saiba Mais<\/span>\n\t\t\t\t\t\t\t<\/div>\n\t\t\t\t\t\t\t<a href=\"https:\/\/natrape.org\/index.php\/causas\/direitos-humanos-e-controle-social\/\" class=\"icon-l\"><i class=\"icon icon-arrow-up\"><\/i><\/a>\n                <\/div>\n            <\/div>\n        <\/div>\n    <\/div>\n<\/div>\n \n         \n\t\t\t\t\t\n\n            \n\t\t\t\n<div class=\"col-xl-4 col-lg-4 col-md-6 col-sm-6 mb-25 service service-style-4\">\n  <div class=\"item-inner\">\n          <div class=\"service-inner\">\n            <div class=\"service-post-thumbnail\">                 \n                <img decoding=\"async\" src=\"https:\/\/natrape.org\/wp-content\/uploads\/2023\/08\/ca-6.png\" class=\"trans\" alt=\"\"\/>\n            <\/div>\n            <div class=\"service-content-wrap pb-15-im\">\n                <div class=\"service-content-content\">\n                    <h2 class=\"entry-title\"><a href=\"https:\/\/natrape.org\/index.php\/causas\/educacao-e-conscientizacao\/\" tabindex=\"0\">Educa\u00e7\u00e3o e Conscientiza\u00e7\u00e3o<\/a><\/h2>\n                    <div class=\"service-excerpt\"><p>Promovemos acesso \u00e0 educa\u00e7\u00e3o, combate \u00e0 evas\u00e3o escolar e conscientiza\u00e7\u00e3o sobre direitos das travestis e pessoas trans.<\/p>\n<\/div>\n                            <div class=\"cause-amount d-inline-block position-relative\">\n\t\t\t\t\t\t\t\t<span class=\"font-family-poppins text-dark d-block font-weight-bold\">\n\t\t\t\t\t\t\t\t\t<i class=\"font-style-normal dollar-symbol\"><\/i><\/span>\n                                <span>Saiba Mais<\/span>\n\t\t\t\t\t\t\t<\/div>\n\t\t\t\t\t\t\t<a href=\"https:\/\/natrape.org\/index.php\/causas\/educacao-e-conscientizacao\/\" class=\"icon-l\"><i class=\"icon icon-arrow-up\"><\/i><\/a>\n                <\/div>\n            <\/div>\n        <\/div>\n    <\/div>\n<\/div>\n \n         \n\t\t\t\t\t\n<\/div>\n \n<\/div>\n\t\t\t\t\t\t<\/div>\n\t\t\t\t<\/div>\n\t\t\t\t\t<\/div>\n\t\t<\/div>\n\t\t\t\t\t<\/div>\n\t\t<\/section>\n\t\t\t\t\t<\/div>\n\t\t<\/div>\n\t\t\t\t\t<\/div>\n\t\t<\/section>\n\t\t\t\t<\/div>\n\t\t","protected":false},"excerpt":{"rendered":"<p>Nossas Causas Conhe\u00e7a Nossas Causas<\/p>\n","protected":false},"author":2,"featured_media":0,"parent":0,"menu_order":0,"comment_status":"closed","ping_status":"closed","template":"elementor_header_footer","meta":{"_acf_changed":false,"footnotes":""},"class_list":["post-2716","page","type-page","status-publish","hentry"],"acf":[],"yoast_head":"<!-- This site is optimized with the Yoast SEO plugin v24.7 - https:\/\/yoast.com\/wordpress\/plugins\/seo\/ -->\n<title>Causas - NATRAPE<\/title>\n<meta name=\"description\" content=\"Conhe\u00e7a a NATRAPE, uma organiza\u00e7\u00e3o que luta pelos direitos das travestis e pessoas trans em Pernambuco. Apoie nossa causa!\" \/>\n<meta name=\"robots\" content=\"index, follow, max-snippet:-1, max-image-preview:large, max-video-preview:-1\" \/>\n<link rel=\"canonical\" href=\"https:\/\/www.natrape.org\/index.php\/causas\/\" \/>\n<meta property=\"og:locale\" content=\"pt_BR\" \/>\n<meta property=\"og:type\" content=\"article\" \/>\n<meta property=\"og:title\" content=\"Causas - NATRAPE\" \/>\n<meta property=\"og:description\" content=\"Conhe\u00e7a a NATRAPE, uma organiza\u00e7\u00e3o que luta pelos direitos das travestis e pessoas trans em Pernambuco. Apoie nossa causa!\" \/>\n<meta property=\"og:url\" content=\"https:\/\/www.natrape.org\/index.php\/causas\/\" \/>\n<meta property=\"og:site_name\" content=\"NATRAPE\" \/>\n<meta property=\"article:modified_time\" content=\"2025-03-13T14:33:07+00:00\" \/>\n<meta name=\"twitter:card\" content=\"summary_large_image\" \/>\n<script type=\"application\/ld+json\" class=\"yoast-schema-graph\">{\"@context\":\"https:\/\/schema.org\",\"@graph\":[{\"@type\":\"WebPage\",\"@id\":\"https:\/\/www.natrape.org\/index.php\/causas\/\",\"url\":\"https:\/\/www.natrape.org\/index.php\/causas\/\",\"name\":\"Causas - NATRAPE\",\"isPartOf\":{\"@id\":\"https:\/\/natrape.org\/#website\"},\"datePublished\":\"2025-03-06T16:48:07+00:00\",\"dateModified\":\"2025-03-13T14:33:07+00:00\",\"description\":\"Conhe\u00e7a a NATRAPE, uma organiza\u00e7\u00e3o que luta pelos direitos das travestis e pessoas trans em Pernambuco. Apoie nossa causa!\",\"breadcrumb\":{\"@id\":\"https:\/\/www.natrape.org\/index.php\/causas\/#breadcrumb\"},\"inLanguage\":\"pt-BR\",\"potentialAction\":[{\"@type\":\"ReadAction\",\"target\":[\"https:\/\/www.natrape.org\/index.php\/causas\/\"]}]},{\"@type\":\"BreadcrumbList\",\"@id\":\"https:\/\/www.natrape.org\/index.php\/causas\/#breadcrumb\",\"itemListElement\":[{\"@type\":\"ListItem\",\"position\":1,\"name\":\"In\u00edcio\",\"item\":\"https:\/\/natrape.org\/\"},{\"@type\":\"ListItem\",\"position\":2,\"name\":\"Causas\"}]},{\"@type\":\"WebSite\",\"@id\":\"https:\/\/natrape.org\/#website\",\"url\":\"https:\/\/natrape.org\/\",\"name\":\"NATRAPE\",\"description\":\"Nova Associa\u00e7\u00e3o de Travestis e Pessoas Trans de Pernambuco\",\"publisher\":{\"@id\":\"https:\/\/natrape.org\/#organization\"},\"potentialAction\":[{\"@type\":\"SearchAction\",\"target\":{\"@type\":\"EntryPoint\",\"urlTemplate\":\"https:\/\/natrape.org\/?s={search_term_string}\"},\"query-input\":{\"@type\":\"PropertyValueSpecification\",\"valueRequired\":true,\"valueName\":\"search_term_string\"}}],\"inLanguage\":\"pt-BR\"},{\"@type\":\"Organization\",\"@id\":\"https:\/\/natrape.org\/#organization\",\"name\":\"NATRAPE\",\"url\":\"https:\/\/natrape.org\/\",\"logo\":{\"@type\":\"ImageObject\",\"inLanguage\":\"pt-BR\",\"@id\":\"https:\/\/natrape.org\/#\/schema\/logo\/image\/\",\"url\":\"https:\/\/natrape.org\/wp-content\/uploads\/2025\/03\/logo.png\",\"contentUrl\":\"https:\/\/natrape.org\/wp-content\/uploads\/2025\/03\/logo.png\",\"width\":419,\"height\":101,\"caption\":\"NATRAPE\"},\"image\":{\"@id\":\"https:\/\/natrape.org\/#\/schema\/logo\/image\/\"},\"sameAs\":[\"https:\/\/www.instagram.com\/natrapeoficial\/\",\"https:\/\/api.whatsapp.com\/send\/?phone=5581998970726&text&type=phone_number&app_absent=0\"]}]}<\/script>\n<!-- \/ Yoast SEO plugin. -->","yoast_head_json":{"title":"Causas - NATRAPE","description":"Conhe\u00e7a a NATRAPE, uma organiza\u00e7\u00e3o que luta pelos direitos das travestis e pessoas trans em Pernambuco. Apoie nossa causa!","robots":{"index":"index","follow":"follow","max-snippet":"max-snippet:-1","max-image-preview":"max-image-preview:large","max-video-preview":"max-video-preview:-1"},"canonical":"https:\/\/www.natrape.org\/index.php\/causas\/","og_locale":"pt_BR","og_type":"article","og_title":"Causas - NATRAPE","og_description":"Conhe\u00e7a a NATRAPE, uma organiza\u00e7\u00e3o que luta pelos direitos das travestis e pessoas trans em Pernambuco. Apoie nossa causa!","og_url":"https:\/\/www.natrape.org\/index.php\/causas\/","og_site_name":"NATRAPE","article_modified_time":"2025-03-13T14:33:07+00:00","twitter_card":"summary_large_image","schema":{"@context":"https:\/\/schema.org","@graph":[{"@type":"WebPage","@id":"https:\/\/www.natrape.org\/index.php\/causas\/","url":"https:\/\/www.natrape.org\/index.php\/causas\/","name":"Causas - NATRAPE","isPartOf":{"@id":"https:\/\/natrape.org\/#website"},"datePublished":"2025-03-06T16:48:07+00:00","dateModified":"2025-03-13T14:33:07+00:00","description":"Conhe\u00e7a a NATRAPE, uma organiza\u00e7\u00e3o que luta pelos direitos das travestis e pessoas trans em Pernambuco. Apoie nossa causa!","breadcrumb":{"@id":"https:\/\/www.natrape.org\/index.php\/causas\/#breadcrumb"},"inLanguage":"pt-BR","potentialAction":[{"@type":"ReadAction","target":["https:\/\/www.natrape.org\/index.php\/causas\/"]}]},{"@type":"BreadcrumbList","@id":"https:\/\/www.natrape.org\/index.php\/causas\/#breadcrumb","itemListElement":[{"@type":"ListItem","position":1,"name":"In\u00edcio","item":"https:\/\/natrape.org\/"},{"@type":"ListItem","position":2,"name":"Causas"}]},{"@type":"WebSite","@id":"https:\/\/natrape.org\/#website","url":"https:\/\/natrape.org\/","name":"NATRAPE","description":"Nova Associa\u00e7\u00e3o de Travestis e Pessoas Trans de Pernambuco","publisher":{"@id":"https:\/\/natrape.org\/#organization"},"potentialAction":[{"@type":"SearchAction","target":{"@type":"EntryPoint","urlTemplate":"https:\/\/natrape.org\/?s={search_term_string}"},"query-input":{"@type":"PropertyValueSpecification","valueRequired":true,"valueName":"search_term_string"}}],"inLanguage":"pt-BR"},{"@type":"Organization","@id":"https:\/\/natrape.org\/#organization","name":"NATRAPE","url":"https:\/\/natrape.org\/","logo":{"@type":"ImageObject","inLanguage":"pt-BR","@id":"https:\/\/natrape.org\/#\/schema\/logo\/image\/","url":"https:\/\/natrape.org\/wp-content\/uploads\/2025\/03\/logo.png","contentUrl":"https:\/\/natrape.org\/wp-content\/uploads\/2025\/03\/logo.png","width":419,"height":101,"caption":"NATRAPE"},"image":{"@id":"https:\/\/natrape.org\/#\/schema\/logo\/image\/"},"sameAs":["https:\/\/www.instagram.com\/natrapeoficial\/","https:\/\/api.whatsapp.com\/send\/?phone=5581998970726&text&type=phone_number&app_absent=0"]}]}},"_links":{"self":[{"href":"https:\/\/natrape.org\/index.php\/wp-json\/wp\/v2\/pages\/2716","targetHints":{"allow":["GET"]}}],"collection":[{"href":"https:\/\/natrape.org\/index.php\/wp-json\/wp\/v2\/pages"}],"about":[{"href":"https:\/\/natrape.org\/index.php\/wp-json\/wp\/v2\/types\/page"}],"author":[{"embeddable":true,"href":"https:\/\/natrape.org\/index.php\/wp-json\/wp\/v2\/users\/2"}],"replies":[{"embeddable":true,"href":"https:\/\/natrape.org\/index.php\/wp-json\/wp\/v2\/comments?post=2716"}],"version-history":[{"count":12,"href":"https:\/\/natrape.org\/index.php\/wp-json\/wp\/v2\/pages\/2716\/revisions"}],"predecessor-version":[{"id":3121,"href":"https:\/\/natrape.org\/index.php\/wp-json\/wp\/v2\/pages\/2716\/revisions\/3121"}],"wp:attachment":[{"href":"https:\/\/natrape.org\/index.php\/wp-json\/wp\/v2\/media?parent=2716"}],"curies":[{"name":"wp","href":"https:\/\/api.w.org\/{rel}","templated":true}]}}