{"id":1930,"date":"2025-03-08T13:39:36","date_gmt":"2025-03-08T16:39:36","guid":{"rendered":"https:\/\/technowebstore.com\/plumbing-wordpress\/?page_id=1930"},"modified":"2025-03-13T11:33:23","modified_gmt":"2025-03-13T14:33:23","slug":"iniciativas","status":"publish","type":"page","link":"https:\/\/natrape.org\/index.php\/iniciativas\/","title":{"rendered":"Iniciativas"},"content":{"rendered":"\t\t<div data-elementor-type=\"wp-page\" data-elementor-id=\"1930\" class=\"elementor elementor-1930\">\n\t\t\t\t\t\t<section class=\"has_eae_slider elementor-section elementor-top-section elementor-element elementor-element-4d76aca elementor-section-boxed elementor-section-height-default elementor-section-height-default\" data-eae-slider=\"41171\" data-id=\"4d76aca\" data-element_type=\"section\" data-e-type=\"section\">\n\t\t\t\t\t\t<div class=\"elementor-container elementor-column-gap-default\">\n\t\t\t\t\t<div class=\"has_eae_slider elementor-column elementor-col-100 elementor-top-column elementor-element elementor-element-ebf24eb\" data-eae-slider=\"67002\" data-id=\"ebf24eb\" data-element_type=\"column\" data-e-type=\"column\">\n\t\t\t<div class=\"elementor-widget-wrap elementor-element-populated\">\n\t\t\t\t\t\t<section class=\"has_eae_slider elementor-section elementor-inner-section elementor-element elementor-element-c68014c elementor-section-boxed elementor-section-height-default elementor-section-height-default\" data-eae-slider=\"82692\" data-id=\"c68014c\" data-element_type=\"section\" data-e-type=\"section\">\n\t\t\t\t\t\t<div class=\"elementor-container elementor-column-gap-default\">\n\t\t\t\t\t<div class=\"has_eae_slider elementor-column elementor-col-100 elementor-inner-column elementor-element elementor-element-94be9d7\" data-eae-slider=\"497\" data-id=\"94be9d7\" data-element_type=\"column\" data-e-type=\"column\">\n\t\t\t<div class=\"elementor-widget-wrap elementor-element-populated\">\n\t\t\t\t\t\t<div class=\"elementor-element elementor-element-ef1ae57 elementor-widget elementor-widget-heading\" data-id=\"ef1ae57\" data-element_type=\"widget\" data-e-type=\"widget\" data-widget_type=\"heading.default\">\n\t\t\t\t<div class=\"elementor-widget-container\">\n\t\t\t\t\t<h5 class=\"elementor-heading-title elementor-size-default\">Nossas Iniciativas<\/h5>\t\t\t\t<\/div>\n\t\t\t\t<\/div>\n\t\t\t\t<div class=\"elementor-element elementor-element-e34bf53 elementor-widget elementor-widget-heading\" data-id=\"e34bf53\" data-element_type=\"widget\" data-e-type=\"widget\" data-widget_type=\"heading.default\">\n\t\t\t\t<div class=\"elementor-widget-container\">\n\t\t\t\t\t<h2 class=\"elementor-heading-title elementor-size-default\">Conhe\u00e7a Nossas Iniciativas<\/h2>\t\t\t\t<\/div>\n\t\t\t\t<\/div>\n\t\t\t\t\t<\/div>\n\t\t<\/div>\n\t\t\t\t\t<\/div>\n\t\t<\/section>\n\t\t\t\t<section class=\"has_eae_slider elementor-section elementor-inner-section elementor-element elementor-element-9a4a4b2 elementor-section-boxed elementor-section-height-default elementor-section-height-default\" data-eae-slider=\"31416\" data-id=\"9a4a4b2\" data-element_type=\"section\" data-e-type=\"section\">\n\t\t\t\t\t\t<div class=\"elementor-container elementor-column-gap-default\">\n\t\t\t\t\t<div class=\"has_eae_slider elementor-column elementor-col-100 elementor-inner-column elementor-element elementor-element-3254089\" data-eae-slider=\"91715\" data-id=\"3254089\" data-element_type=\"column\" data-e-type=\"column\">\n\t\t\t<div class=\"elementor-widget-wrap elementor-element-populated\">\n\t\t\t\t\t\t<div class=\"elementor-element elementor-element-70efefb elementor-widget elementor-widget-shortcode\" data-id=\"70efefb\" data-element_type=\"widget\" data-e-type=\"widget\" data-widget_type=\"shortcode.default\">\n\t\t\t\t<div class=\"elementor-widget-container\">\n\t\t\t\t\t\t\t<div class=\"elementor-shortcode\">\n\n\n         \n                <div class=\"row\">\n                 \n\n            \n\t\t\t\n<div class=\"col-xl-4 col-lg-4 col-md-6 col-sm-6 mb-25 service service-style-4\">\n  <div class=\"item-inner\">\n        <div class=\"service-inner\">\n            <div class=\"service-post-thumbnail\">                 \n                <img decoding=\"async\" src=\"https:\/\/natrape.org\/wp-content\/uploads\/2023\/07\/SER-1-2.png\" class=\"trans\" alt=\"\"\/>\n            <\/div>\n            <div class=\"service-content-wrap\">\n                <div class=\"service-content-icon\">\n                    <div class=\"service-content-icon-inner\">\n                        <img decoding=\"async\" src=\"https:\/\/natrape.org\/wp-content\/uploads\/2023\/07\/sei-1-2.png\" class=\"trans\" alt=\"\"\/>\n                    <\/div>\n                <\/div>\n                <div class=\"service-content-content\">\n                    <h2 class=\"entry-title\"><a href=\"https:\/\/natrape.org\/index.php\/iniciativas\/solidatrans-acolhimento-e-assistencia-social\/\" tabindex=\"0\">Solidatrans \u2013 Acolhimento e Assist\u00eancia Social<\/a><\/h2>\n                    <div class=\"service-excerpt\"><p>Apoio e acolhimento para travestis e pessoas trans.<\/p>\n<\/div>\n                <\/div>\n            <\/div>\n        <\/div>\n    <\/div>\n<\/div>\n \n         \n\t\t\t\t\t\n\n            \n\t\t\t\n<div class=\"col-xl-4 col-lg-4 col-md-6 col-sm-6 mb-25 service service-style-4\">\n  <div class=\"item-inner\">\n        <div class=\"service-inner\">\n            <div class=\"service-post-thumbnail\">                 \n                <img decoding=\"async\" src=\"https:\/\/natrape.org\/wp-content\/uploads\/2023\/07\/SER-6-2.png\" class=\"trans\" alt=\"\"\/>\n            <\/div>\n            <div class=\"service-content-wrap\">\n                <div class=\"service-content-icon\">\n                    <div class=\"service-content-icon-inner\">\n                        <img decoding=\"async\" src=\"https:\/\/natrape.org\/wp-content\/uploads\/2023\/07\/sei-6-2.png\" class=\"trans\" alt=\"\"\/>\n                    <\/div>\n                <\/div>\n                <div class=\"service-content-content\">\n                    <h2 class=\"entry-title\"><a href=\"https:\/\/natrape.org\/index.php\/iniciativas\/saude-para-todes-acesso-a-saude-integral\/\" tabindex=\"0\">Sa\u00fade para Todes \u2013 Acesso \u00e0 Sa\u00fade Integral<\/a><\/h2>\n                    <div class=\"service-excerpt\"><p>Sa\u00fade digna e humanizada para travestis e pessoas trans.<\/p>\n<\/div>\n                <\/div>\n            <\/div>\n        <\/div>\n    <\/div>\n<\/div>\n \n         \n\t\t\t\t\t\n\n            \n\t\t\t\n<div class=\"col-xl-4 col-lg-4 col-md-6 col-sm-6 mb-25 service service-style-4\">\n  <div class=\"item-inner\">\n        <div class=\"service-inner\">\n            <div class=\"service-post-thumbnail\">                 \n                <img decoding=\"async\" src=\"https:\/\/natrape.org\/wp-content\/uploads\/2023\/07\/SER-4-2.png\" class=\"trans\" alt=\"\"\/>\n            <\/div>\n            <div class=\"service-content-wrap\">\n                <div class=\"service-content-icon\">\n                    <div class=\"service-content-icon-inner\">\n                        <img decoding=\"async\" src=\"https:\/\/natrape.org\/wp-content\/uploads\/2023\/07\/sei-4-2.png\" class=\"trans\" alt=\"\"\/>\n                    <\/div>\n                <\/div>\n                <div class=\"service-content-content\">\n                    <h2 class=\"entry-title\"><a href=\"https:\/\/natrape.org\/index.php\/iniciativas\/observatorio-empregar-trabalho-transformador\/\" tabindex=\"0\">Observat\u00f3rio Empregar: um puta trabalho<\/a><\/h2>\n                    <div class=\"service-excerpt\"><p>Inclus\u00e3o e an\u00e1lise do mercado de trabalho trans.<\/p>\n<\/div>\n                <\/div>\n            <\/div>\n        <\/div>\n    <\/div>\n<\/div>\n \n         \n\t\t\t\t\t\n\n            \n\t\t\t\n<div class=\"col-xl-4 col-lg-4 col-md-6 col-sm-6 mb-25 service service-style-4\">\n  <div class=\"item-inner\">\n        <div class=\"service-inner\">\n            <div class=\"service-post-thumbnail\">                 \n                <img decoding=\"async\" src=\"https:\/\/natrape.org\/wp-content\/uploads\/2023\/07\/SER-5-2.png\" class=\"trans\" alt=\"\"\/>\n            <\/div>\n            <div class=\"service-content-wrap\">\n                <div class=\"service-content-icon\">\n                    <div class=\"service-content-icon-inner\">\n                        <img decoding=\"async\" src=\"https:\/\/natrape.org\/wp-content\/uploads\/2023\/07\/sei-5-2.png\" class=\"trans\" alt=\"\"\/>\n                    <\/div>\n                <\/div>\n                <div class=\"service-content-content\">\n                    <h2 class=\"entry-title\"><a href=\"https:\/\/natrape.org\/index.php\/iniciativas\/transforma-meu-curriculo-empregabilidade-e-qualificacao-profissional\/\" tabindex=\"0\">Transforma Meu Curr\u00edculo \u2013 Empregabilidade e Qualifica\u00e7\u00e3o Profissional<\/a><\/h2>\n                    <div class=\"service-excerpt\"><p>Qualifica\u00e7\u00e3o e emprego para travestis e pessoas trans.<\/p>\n<\/div>\n                <\/div>\n            <\/div>\n        <\/div>\n    <\/div>\n<\/div>\n \n         \n\t\t\t\t\t\n\n            \n\t\t\t\n<div class=\"col-xl-4 col-lg-4 col-md-6 col-sm-6 mb-25 service service-style-4\">\n  <div class=\"item-inner\">\n        <div class=\"service-inner\">\n            <div class=\"service-post-thumbnail\">                 \n                <img decoding=\"async\" src=\"https:\/\/natrape.org\/wp-content\/uploads\/2023\/07\/SER-TRND-scaled.jpg\" class=\"trans\" alt=\"\"\/>\n            <\/div>\n            <div class=\"service-content-wrap\">\n                <div class=\"service-content-icon\">\n                    <div class=\"service-content-icon-inner\">\n                        <img decoding=\"async\" src=\"https:\/\/natrape.org\/wp-content\/uploads\/2023\/07\/sei-3-2.png\" class=\"trans\" alt=\"\"\/>\n                    <\/div>\n                <\/div>\n                <div class=\"service-content-content\">\n                    <h2 class=\"entry-title\"><a href=\"https:\/\/natrape.org\/index.php\/iniciativas\/transnarrando-letramento-ambiental-e-racial-empreendendo-agroecologia-diversa\/\" tabindex=\"0\">Transnarrando Letramento Ambiental e Racial: Empreendendo Agroecologia Diversa<\/a><\/h2>\n                    <div class=\"service-excerpt\"><p>Agroecologia inclusiva para travestis e pessoas trans.<\/p>\n<\/div>\n                <\/div>\n            <\/div>\n        <\/div>\n    <\/div>\n<\/div>\n \n         \n\t\t\t\t\t\n<\/div>\n \n<\/div>\n\t\t\t\t\t\t<\/div>\n\t\t\t\t<\/div>\n\t\t\t\t\t<\/div>\n\t\t<\/div>\n\t\t\t\t\t<\/div>\n\t\t<\/section>\n\t\t\t\t\t<\/div>\n\t\t<\/div>\n\t\t\t\t\t<\/div>\n\t\t<\/section>\n\t\t\t\t<\/div>\n\t\t","protected":false},"excerpt":{"rendered":"<p>Nossas Iniciativas Conhe\u00e7a Nossas Iniciativas<\/p>\n","protected":false},"author":2,"featured_media":0,"parent":0,"menu_order":0,"comment_status":"closed","ping_status":"closed","template":"elementor_header_footer","meta":{"_acf_changed":false,"footnotes":""},"class_list":["post-1930","page","type-page","status-publish","hentry"],"acf":[],"yoast_head":"<!-- This site is optimized with the Yoast SEO plugin v24.7 - https:\/\/yoast.com\/wordpress\/plugins\/seo\/ -->\n<title>Iniciativas - NATRAPE<\/title>\n<meta name=\"description\" content=\"Conhe\u00e7a a NATRAPE, uma organiza\u00e7\u00e3o que luta pelos direitos das travestis e pessoas trans em Pernambuco. Apoie nossa causa!\" \/>\n<meta name=\"robots\" content=\"index, follow, max-snippet:-1, max-image-preview:large, max-video-preview:-1\" \/>\n<link rel=\"canonical\" href=\"https:\/\/www.natrape.org\/index.php\/iniciativas\/\" \/>\n<meta property=\"og:locale\" content=\"pt_BR\" \/>\n<meta property=\"og:type\" content=\"article\" \/>\n<meta property=\"og:title\" content=\"Iniciativas - NATRAPE\" \/>\n<meta property=\"og:description\" content=\"Conhe\u00e7a a NATRAPE, uma organiza\u00e7\u00e3o que luta pelos direitos das travestis e pessoas trans em Pernambuco. Apoie nossa causa!\" \/>\n<meta property=\"og:url\" content=\"https:\/\/www.natrape.org\/index.php\/iniciativas\/\" \/>\n<meta property=\"og:site_name\" content=\"NATRAPE\" \/>\n<meta property=\"article:modified_time\" content=\"2025-03-13T14:33:23+00:00\" \/>\n<meta name=\"twitter:card\" content=\"summary_large_image\" \/>\n<script type=\"application\/ld+json\" class=\"yoast-schema-graph\">{\"@context\":\"https:\/\/schema.org\",\"@graph\":[{\"@type\":\"WebPage\",\"@id\":\"https:\/\/www.natrape.org\/index.php\/iniciativas\/\",\"url\":\"https:\/\/www.natrape.org\/index.php\/iniciativas\/\",\"name\":\"Iniciativas - NATRAPE\",\"isPartOf\":{\"@id\":\"https:\/\/natrape.org\/#website\"},\"datePublished\":\"2025-03-08T16:39:36+00:00\",\"dateModified\":\"2025-03-13T14:33:23+00:00\",\"description\":\"Conhe\u00e7a a NATRAPE, uma organiza\u00e7\u00e3o que luta pelos direitos das travestis e pessoas trans em Pernambuco. Apoie nossa causa!\",\"breadcrumb\":{\"@id\":\"https:\/\/www.natrape.org\/index.php\/iniciativas\/#breadcrumb\"},\"inLanguage\":\"pt-BR\",\"potentialAction\":[{\"@type\":\"ReadAction\",\"target\":[\"https:\/\/www.natrape.org\/index.php\/iniciativas\/\"]}]},{\"@type\":\"BreadcrumbList\",\"@id\":\"https:\/\/www.natrape.org\/index.php\/iniciativas\/#breadcrumb\",\"itemListElement\":[{\"@type\":\"ListItem\",\"position\":1,\"name\":\"In\u00edcio\",\"item\":\"https:\/\/natrape.org\/\"},{\"@type\":\"ListItem\",\"position\":2,\"name\":\"Iniciativas\"}]},{\"@type\":\"WebSite\",\"@id\":\"https:\/\/natrape.org\/#website\",\"url\":\"https:\/\/natrape.org\/\",\"name\":\"NATRAPE\",\"description\":\"Nova Associa\u00e7\u00e3o de Travestis e Pessoas Trans de Pernambuco\",\"publisher\":{\"@id\":\"https:\/\/natrape.org\/#organization\"},\"potentialAction\":[{\"@type\":\"SearchAction\",\"target\":{\"@type\":\"EntryPoint\",\"urlTemplate\":\"https:\/\/natrape.org\/?s={search_term_string}\"},\"query-input\":{\"@type\":\"PropertyValueSpecification\",\"valueRequired\":true,\"valueName\":\"search_term_string\"}}],\"inLanguage\":\"pt-BR\"},{\"@type\":\"Organization\",\"@id\":\"https:\/\/natrape.org\/#organization\",\"name\":\"NATRAPE\",\"url\":\"https:\/\/natrape.org\/\",\"logo\":{\"@type\":\"ImageObject\",\"inLanguage\":\"pt-BR\",\"@id\":\"https:\/\/natrape.org\/#\/schema\/logo\/image\/\",\"url\":\"https:\/\/natrape.org\/wp-content\/uploads\/2025\/03\/logo.png\",\"contentUrl\":\"https:\/\/natrape.org\/wp-content\/uploads\/2025\/03\/logo.png\",\"width\":419,\"height\":101,\"caption\":\"NATRAPE\"},\"image\":{\"@id\":\"https:\/\/natrape.org\/#\/schema\/logo\/image\/\"},\"sameAs\":[\"https:\/\/www.instagram.com\/natrapeoficial\/\",\"https:\/\/api.whatsapp.com\/send\/?phone=5581998970726&text&type=phone_number&app_absent=0\"]}]}<\/script>\n<!-- \/ Yoast SEO plugin. -->","yoast_head_json":{"title":"Iniciativas - NATRAPE","description":"Conhe\u00e7a a NATRAPE, uma organiza\u00e7\u00e3o que luta pelos direitos das travestis e pessoas trans em Pernambuco. Apoie nossa causa!","robots":{"index":"index","follow":"follow","max-snippet":"max-snippet:-1","max-image-preview":"max-image-preview:large","max-video-preview":"max-video-preview:-1"},"canonical":"https:\/\/www.natrape.org\/index.php\/iniciativas\/","og_locale":"pt_BR","og_type":"article","og_title":"Iniciativas - NATRAPE","og_description":"Conhe\u00e7a a NATRAPE, uma organiza\u00e7\u00e3o que luta pelos direitos das travestis e pessoas trans em Pernambuco. Apoie nossa causa!","og_url":"https:\/\/www.natrape.org\/index.php\/iniciativas\/","og_site_name":"NATRAPE","article_modified_time":"2025-03-13T14:33:23+00:00","twitter_card":"summary_large_image","schema":{"@context":"https:\/\/schema.org","@graph":[{"@type":"WebPage","@id":"https:\/\/www.natrape.org\/index.php\/iniciativas\/","url":"https:\/\/www.natrape.org\/index.php\/iniciativas\/","name":"Iniciativas - NATRAPE","isPartOf":{"@id":"https:\/\/natrape.org\/#website"},"datePublished":"2025-03-08T16:39:36+00:00","dateModified":"2025-03-13T14:33:23+00:00","description":"Conhe\u00e7a a NATRAPE, uma organiza\u00e7\u00e3o que luta pelos direitos das travestis e pessoas trans em Pernambuco. Apoie nossa causa!","breadcrumb":{"@id":"https:\/\/www.natrape.org\/index.php\/iniciativas\/#breadcrumb"},"inLanguage":"pt-BR","potentialAction":[{"@type":"ReadAction","target":["https:\/\/www.natrape.org\/index.php\/iniciativas\/"]}]},{"@type":"BreadcrumbList","@id":"https:\/\/www.natrape.org\/index.php\/iniciativas\/#breadcrumb","itemListElement":[{"@type":"ListItem","position":1,"name":"In\u00edcio","item":"https:\/\/natrape.org\/"},{"@type":"ListItem","position":2,"name":"Iniciativas"}]},{"@type":"WebSite","@id":"https:\/\/natrape.org\/#website","url":"https:\/\/natrape.org\/","name":"NATRAPE","description":"Nova Associa\u00e7\u00e3o de Travestis e Pessoas Trans de Pernambuco","publisher":{"@id":"https:\/\/natrape.org\/#organization"},"potentialAction":[{"@type":"SearchAction","target":{"@type":"EntryPoint","urlTemplate":"https:\/\/natrape.org\/?s={search_term_string}"},"query-input":{"@type":"PropertyValueSpecification","valueRequired":true,"valueName":"search_term_string"}}],"inLanguage":"pt-BR"},{"@type":"Organization","@id":"https:\/\/natrape.org\/#organization","name":"NATRAPE","url":"https:\/\/natrape.org\/","logo":{"@type":"ImageObject","inLanguage":"pt-BR","@id":"https:\/\/natrape.org\/#\/schema\/logo\/image\/","url":"https:\/\/natrape.org\/wp-content\/uploads\/2025\/03\/logo.png","contentUrl":"https:\/\/natrape.org\/wp-content\/uploads\/2025\/03\/logo.png","width":419,"height":101,"caption":"NATRAPE"},"image":{"@id":"https:\/\/natrape.org\/#\/schema\/logo\/image\/"},"sameAs":["https:\/\/www.instagram.com\/natrapeoficial\/","https:\/\/api.whatsapp.com\/send\/?phone=5581998970726&text&type=phone_number&app_absent=0"]}]}},"_links":{"self":[{"href":"https:\/\/natrape.org\/index.php\/wp-json\/wp\/v2\/pages\/1930","targetHints":{"allow":["GET"]}}],"collection":[{"href":"https:\/\/natrape.org\/index.php\/wp-json\/wp\/v2\/pages"}],"about":[{"href":"https:\/\/natrape.org\/index.php\/wp-json\/wp\/v2\/types\/page"}],"author":[{"embeddable":true,"href":"https:\/\/natrape.org\/index.php\/wp-json\/wp\/v2\/users\/2"}],"replies":[{"embeddable":true,"href":"https:\/\/natrape.org\/index.php\/wp-json\/wp\/v2\/comments?post=1930"}],"version-history":[{"count":8,"href":"https:\/\/natrape.org\/index.php\/wp-json\/wp\/v2\/pages\/1930\/revisions"}],"predecessor-version":[{"id":3122,"href":"https:\/\/natrape.org\/index.php\/wp-json\/wp\/v2\/pages\/1930\/revisions\/3122"}],"wp:attachment":[{"href":"https:\/\/natrape.org\/index.php\/wp-json\/wp\/v2\/media?parent=1930"}],"curies":[{"name":"wp","href":"https:\/\/api.w.org\/{rel}","templated":true}]}}